{"id":12,"date":"2026-03-15T13:26:18","date_gmt":"2026-03-15T12:26:18","guid":{"rendered":"https:\/\/shop.floriangallant.de\/?page_id=12"},"modified":"2026-03-15T13:55:10","modified_gmt":"2026-03-15T12:55:10","slug":"home","status":"publish","type":"page","link":"https:\/\/shop.floriangallant.de\/","title":{"rendered":"Home"},"content":{"rendered":"\t\t<div data-elementor-type=\"wp-page\" data-elementor-id=\"12\" class=\"elementor elementor-12\">\n\t\t\t\t<div class=\"elementor-element elementor-element-06fde0e e-con-full e-flex e-con e-parent\" data-id=\"06fde0e\" data-element_type=\"container\" data-e-type=\"container\" data-settings=\"{&quot;background_background&quot;:&quot;classic&quot;}\">\n\t\t\t\t<div class=\"elementor-element elementor-element-451a01a elementor-widget elementor-widget-html\" data-id=\"451a01a\" data-element_type=\"widget\" data-e-type=\"widget\" data-widget_type=\"html.default\">\n\t\t\t\t\t<section id=\"fg-shop-coming-soon\" aria-labelledby=\"fg-shop-coming-soon-title\">\r\n  <style>\r\n    #fg-shop-coming-soon{\r\n      --bg:#0b0b0c;\r\n      --ink:#ffffff;\r\n      --muted:rgba(255,255,255,.78);\r\n      --muted-2:rgba(255,255,255,.62);\r\n\r\n      --accent:#b01217;\r\n      --accentGlow:rgba(176,18,23,.22);\r\n\r\n      --radiusStage:28px;\r\n      --radiusCard:18px;\r\n      --radiusBtn:11px;\r\n\r\n      --shadow:0 18px 60px rgba(0,0,0,.18);\r\n      --ease:cubic-bezier(.2,.8,.2,1);\r\n      --max:1760px;\r\n\r\n      --heroImg:url(\"https:\/\/floriangallant.de\/wp-content\/uploads\/2026\/02\/Flo_Release_179e-scaled.jpg\");\r\n\r\n      position:relative;\r\n      background:var(--bg);\r\n      color:var(--ink);\r\n      font-family:ui-sans-serif, system-ui, -apple-system, \"SF Pro Display\", \"SF Pro Text\", Segoe UI, Roboto, Helvetica, Arial, sans-serif;\r\n      -webkit-font-smoothing:antialiased;\r\n      -moz-osx-font-smoothing:grayscale;\r\n      text-rendering:geometricPrecision;\r\n      overflow:clip;\r\n    }\r\n\r\n    #fg-shop-coming-soon *{ box-sizing:border-box; }\r\n\r\n    #fg-shop-coming-soon a,\r\n    #fg-shop-coming-soon button{\r\n      -webkit-tap-highlight-color:transparent;\r\n    }\r\n\r\n    #fg-shop-coming-soon a{\r\n      color:inherit;\r\n      text-decoration:none;\r\n    }\r\n\r\n    #fg-shop-coming-soon :focus{ outline:none; }\r\n    #fg-shop-coming-soon :focus-visible{\r\n      outline:2px solid rgba(255,255,255,.72);\r\n      outline-offset:3px;\r\n      border-radius:12px;\r\n    }\r\n\r\n    #fg-shop-coming-soon .fgcs-wrap{\r\n      min-height:100svh;\r\n      display:flex;\r\n      justify-content:center;\r\n      align-items:stretch;\r\n      padding:\r\n        max(10px, env(safe-area-inset-top))\r\n        max(10px, env(safe-area-inset-right))\r\n        max(14px, env(safe-area-inset-bottom))\r\n        max(10px, env(safe-area-inset-left));\r\n      background:#0b0b0c;\r\n    }\r\n\r\n    #fg-shop-coming-soon .fgcs-hero{\r\n      width:100%;\r\n      max-width:var(--max);\r\n      display:grid;\r\n      gap:12px;\r\n      align-content:start;\r\n    }\r\n\r\n    #fg-shop-coming-soon .fgcs-stage{\r\n      position:relative;\r\n      min-height:min(100svh - 24px, 1040px);\r\n      border-radius:var(--radiusStage);\r\n      overflow:hidden;\r\n      box-shadow:var(--shadow);\r\n      border:1px solid rgba(255,255,255,.08);\r\n      background:#111;\r\n      isolation:isolate;\r\n      display:grid;\r\n      align-items:end;\r\n    }\r\n\r\n    #fg-shop-coming-soon .fgcs-bg{\r\n      position:absolute;\r\n      inset:0;\r\n      background-image:var(--heroImg);\r\n      background-size:cover;\r\n      background-position:56% 40%;\r\n      transform:scale(1.03);\r\n      filter:contrast(1.02) saturate(.86) brightness(.74);\r\n      z-index:0;\r\n    }\r\n\r\n    #fg-shop-coming-soon .fgcs-bg-blur{\r\n      position:absolute;\r\n      inset:-18px;\r\n      background-image:var(--heroImg);\r\n      background-size:cover;\r\n      background-position:56% 40%;\r\n      transform:scale(1.12);\r\n      filter:blur(20px) brightness(.62) contrast(1.06);\r\n      opacity:.95;\r\n      z-index:1;\r\n      -webkit-mask-image: radial-gradient(56% 56% at 50% 50%, rgba(0,0,0,0) 52%, rgba(0,0,0,1) 100%);\r\n      mask-image: radial-gradient(56% 56% at 50% 50%, rgba(0,0,0,0) 52%, rgba(0,0,0,1) 100%);\r\n    }\r\n\r\n    #fg-shop-coming-soon .fgcs-vignette{\r\n      position:absolute;\r\n      inset:-2px;\r\n      z-index:2;\r\n      pointer-events:none;\r\n      background:\r\n        radial-gradient(72% 64% at 52% 46%, rgba(0,0,0,0) 48%, rgba(0,0,0,.82) 100%),\r\n        linear-gradient(to bottom, rgba(0,0,0,.52), rgba(0,0,0,.14) 36%, rgba(0,0,0,.62));\r\n      opacity:.95;\r\n      mix-blend-mode:multiply;\r\n    }\r\n\r\n    #fg-shop-coming-soon .fgcs-sheen{\r\n      position:absolute;\r\n      inset:0;\r\n      z-index:3;\r\n      pointer-events:none;\r\n      background:linear-gradient(to bottom, rgba(255,255,255,.14), rgba(255,255,255,0) 34%);\r\n      opacity:.52;\r\n    }\r\n\r\n    #fg-shop-coming-soon .fgcs-grain{\r\n      position:absolute;\r\n      inset:0;\r\n      z-index:4;\r\n      pointer-events:none;\r\n      opacity:.10;\r\n      background-image:url(\"data:image\/svg+xml,%3Csvg xmlns='http:\/\/www.w3.org\/2000\/svg' width='180' height='180'%3E%3Cfilter id='n'%3E%3CfeTurbulence type='fractalNoise' baseFrequency='.8' numOctaves='2' stitchTiles='stitch'\/%3E%3C\/filter%3E%3Crect width='180' height='180' filter='url(%23n)' opacity='.55'\/%3E%3C\/svg%3E\");\r\n      background-size:220px 220px;\r\n    }\r\n\r\n    #fg-shop-coming-soon .fgcs-content{\r\n      position:relative;\r\n      z-index:6;\r\n      min-height:100%;\r\n      display:grid;\r\n      align-content:space-between;\r\n      padding:clamp(14px, 2.4vw, 28px);\r\n      gap:18px;\r\n    }\r\n\r\n    #fg-shop-coming-soon .fgcs-topbar{\r\n      display:flex;\r\n      justify-content:flex-end;\r\n    }\r\n\r\n    #fg-shop-coming-soon .fgcs-pill{\r\n      display:inline-flex;\r\n      align-items:center;\r\n      gap:10px;\r\n      min-height:40px;\r\n      padding:10px 14px;\r\n      border-radius:999px;\r\n      border:1px solid rgba(255,255,255,.14);\r\n      background:rgba(255,255,255,.08);\r\n      backdrop-filter:blur(14px);\r\n      -webkit-backdrop-filter:blur(14px);\r\n      color:rgba(255,255,255,.86);\r\n      font-size:.8rem;\r\n      letter-spacing:.12em;\r\n      text-transform:uppercase;\r\n      font-weight:800;\r\n    }\r\n\r\n    #fg-shop-coming-soon .fgcs-pill::before{\r\n      content:\"\";\r\n      width:8px;\r\n      height:8px;\r\n      border-radius:999px;\r\n      background:var(--accent);\r\n      box-shadow:0 0 16px var(--accentGlow);\r\n      flex:none;\r\n    }\r\n\r\n    #fg-shop-coming-soon .fgcs-main{\r\n      display:grid;\r\n      align-content:end;\r\n      min-height:100%;\r\n    }\r\n\r\n    #fg-shop-coming-soon .fgcs-card{\r\n      width:min(840px, 100%);\r\n      border-radius:var(--radiusCard);\r\n      background:rgba(10,10,11,.54);\r\n      border:1px solid rgba(255,255,255,.14);\r\n      backdrop-filter:blur(16px);\r\n      -webkit-backdrop-filter:blur(16px);\r\n      box-shadow:0 16px 46px rgba(0,0,0,.22);\r\n      padding:16px 16px 14px;\r\n    }\r\n\r\n    #fg-shop-coming-soon .fgcs-title{\r\n      margin:0;\r\n      font-weight:760;\r\n      letter-spacing:-0.035em;\r\n      font-size:clamp(34px, 8.8vw, 78px);\r\n      line-height:.98;\r\n      text-wrap:balance;\r\n      max-width:11ch;\r\n      color:rgba(255,255,255,.97);\r\n      -webkit-text-stroke:0px rgba(255,255,255,0);\r\n      transition:color 180ms var(--ease), -webkit-text-stroke 180ms var(--ease);\r\n    }\r\n\r\n    \/* Wichtiger Fix:\r\n       Hover sitzt jetzt auf der kompletten h1-Fl\u00e4che statt nur auf einem inneren Span *\/\r\n    @media (hover:hover) and (pointer:fine){\r\n      #fg-shop-coming-soon .fgcs-title:hover{\r\n        color:rgba(255,255,255,0);\r\n        -webkit-text-stroke:1.3px rgba(255,255,255,.92);\r\n      }\r\n    }\r\n\r\n    #fg-shop-coming-soon .fgcs-claim{\r\n      margin:12px 0 0;\r\n      font-size:clamp(15px, 3.7vw, 20px);\r\n      line-height:1.3;\r\n      color:rgba(255,255,255,.88);\r\n      max-width:56ch;\r\n      text-wrap:balance;\r\n      position:relative;\r\n      padding-left:12px;\r\n    }\r\n\r\n    #fg-shop-coming-soon .fgcs-claim::before{\r\n      content:\"\";\r\n      position:absolute;\r\n      left:0;\r\n      top:.28em;\r\n      bottom:.28em;\r\n      width:3px;\r\n      border-radius:2px;\r\n      background:linear-gradient(to bottom, rgba(176,18,23,.95), rgba(176,18,23,.25));\r\n      box-shadow:0 10px 28px var(--accentGlow);\r\n    }\r\n\r\n    #fg-shop-coming-soon .fgcs-claim strong{\r\n      font-weight:760;\r\n      letter-spacing:-0.01em;\r\n      color:rgba(255,255,255,.97);\r\n    }\r\n\r\n    #fg-shop-coming-soon .fgcs-copy{\r\n      margin-top:14px;\r\n      max-width:60ch;\r\n      color:var(--muted);\r\n      font-size:clamp(14px, 3.2vw, 16px);\r\n      line-height:1.6;\r\n      text-wrap:pretty;\r\n    }\r\n\r\n    #fg-shop-coming-soon .fgcs-cta{\r\n      display:flex;\r\n      gap:10px;\r\n      flex-wrap:wrap;\r\n      margin-top:16px;\r\n    }\r\n\r\n    #fg-shop-coming-soon .fgcs-btn,\r\n    #fg-shop-coming-soon .fgcs-btn:visited,\r\n    #fg-shop-coming-soon .fgcs-btn:hover,\r\n    #fg-shop-coming-soon .fgcs-btn:active{\r\n      color:rgba(255,255,255,.94) !important;\r\n      text-decoration:none !important;\r\n    }\r\n\r\n    #fg-shop-coming-soon .fgcs-btn{\r\n      appearance:none;\r\n      border:1px solid rgba(255,255,255,.20);\r\n      background:rgba(255,255,255,.10);\r\n      border-radius:var(--radiusBtn);\r\n      padding:11px 13px;\r\n      font-size:14px;\r\n      font-weight:650;\r\n      letter-spacing:-0.01em;\r\n      line-height:1;\r\n      cursor:pointer;\r\n      display:inline-flex;\r\n      align-items:center;\r\n      gap:10px;\r\n      transition:transform 180ms var(--ease), background 180ms var(--ease), border-color 180ms var(--ease);\r\n      user-select:none;\r\n      min-height:44px;\r\n    }\r\n\r\n    #fg-shop-coming-soon .fgcs-btn:active{ transform:translateY(1px); }\r\n\r\n    @media (hover:hover){\r\n      #fg-shop-coming-soon .fgcs-btn:hover{\r\n        background:rgba(255,255,255,.16);\r\n        border-color:rgba(255,255,255,.30);\r\n        transform:translateY(-1px);\r\n      }\r\n    }\r\n\r\n    #fg-shop-coming-soon .fgcs-btn.primary,\r\n    #fg-shop-coming-soon .fgcs-btn.primary:visited,\r\n    #fg-shop-coming-soon .fgcs-btn.primary:hover,\r\n    #fg-shop-coming-soon .fgcs-btn.primary:active{\r\n      color:var(--bg) !important;\r\n    }\r\n\r\n    #fg-shop-coming-soon .fgcs-btn.primary{\r\n      background:rgba(255,255,255,.94);\r\n      border-color:rgba(255,255,255,.64);\r\n      position:relative;\r\n    }\r\n\r\n    #fg-shop-coming-soon .fgcs-btn.primary::after{\r\n      content:\"\";\r\n      position:absolute;\r\n      right:12px;\r\n      bottom:-1px;\r\n      width:28px;\r\n      height:2px;\r\n      border-radius:2px;\r\n      background:var(--accent);\r\n      opacity:.9;\r\n      transform:translateY(6px);\r\n      filter:drop-shadow(0 8px 18px var(--accentGlow));\r\n      pointer-events:none;\r\n    }\r\n\r\n    @media (hover:hover){\r\n      #fg-shop-coming-soon .fgcs-btn.primary:hover{\r\n        background:rgba(255,255,255,.98);\r\n        border-color:rgba(255,255,255,.76);\r\n      }\r\n    }\r\n\r\n    #fg-shop-coming-soon .fgcs-icon{\r\n      width:14px;\r\n      height:14px;\r\n      opacity:.92;\r\n      flex:0 0 auto;\r\n    }\r\n\r\n    #fg-shop-coming-soon .fgcs-meta{\r\n      display:flex;\r\n      align-items:center;\r\n      justify-content:space-between;\r\n      gap:10px;\r\n      flex-wrap:wrap;\r\n      margin-top:12px;\r\n      padding-top:12px;\r\n      border-top:1px solid rgba(255,255,255,.14);\r\n    }\r\n\r\n    #fg-shop-coming-soon .fgcs-tag{\r\n      font-size:12px;\r\n      letter-spacing:.02em;\r\n      color:rgba(255,255,255,.78);\r\n      display:inline-flex;\r\n      align-items:center;\r\n      gap:8px;\r\n    }\r\n\r\n    #fg-shop-coming-soon .fgcs-tag .mark{\r\n      width:10px;\r\n      height:10px;\r\n      border-radius:3px;\r\n      border:1px solid rgba(255,255,255,.22);\r\n      background:rgba(255,255,255,.10);\r\n      position:relative;\r\n      overflow:hidden;\r\n      flex:none;\r\n    }\r\n\r\n    #fg-shop-coming-soon .fgcs-tag .mark::before{\r\n      content:\"\";\r\n      position:absolute;\r\n      left:-2px;\r\n      top:-2px;\r\n      width:7px;\r\n      height:7px;\r\n      background:var(--accent);\r\n      border-radius:2px;\r\n      opacity:.95;\r\n    }\r\n\r\n    #fg-shop-coming-soon .fgcs-foot{\r\n      display:flex;\r\n      align-items:center;\r\n      justify-content:space-between;\r\n      gap:12px;\r\n      flex-wrap:wrap;\r\n      padding-top:4px;\r\n    }\r\n\r\n    #fg-shop-coming-soon .fgcs-legal{\r\n      display:flex;\r\n      gap:14px;\r\n      flex-wrap:wrap;\r\n      align-items:center;\r\n    }\r\n\r\n    #fg-shop-coming-soon .fgcs-legal a{\r\n      color:rgba(255,255,255,.82);\r\n      border-bottom:1px solid rgba(255,255,255,.22);\r\n      padding-bottom:2px;\r\n      font-size:13px;\r\n      transition:color 180ms var(--ease), border-color 180ms var(--ease);\r\n    }\r\n\r\n    @media (hover:hover){\r\n      #fg-shop-coming-soon .fgcs-legal a:hover{\r\n        color:rgba(255,255,255,.98);\r\n        border-bottom-color:rgba(255,255,255,.44);\r\n      }\r\n    }\r\n\r\n    #fg-shop-coming-soon .fgcs-status{\r\n      color:var(--muted-2);\r\n      font-size:12px;\r\n      letter-spacing:.08em;\r\n      text-transform:uppercase;\r\n      font-weight:700;\r\n    }\r\n\r\n    #fg-shop-coming-soon .fgcs-nowrap{ white-space:nowrap; }\r\n\r\n    @media (min-width: 900px){\r\n      #fg-shop-coming-soon .fgcs-bg,\r\n      #fg-shop-coming-soon .fgcs-bg-blur{\r\n        background-position:60% 38%;\r\n      }\r\n    }\r\n\r\n    @media (prefers-reduced-motion: reduce){\r\n      #fg-shop-coming-soon .fgcs-btn,\r\n      #fg-shop-coming-soon .fgcs-title{\r\n        transition:none;\r\n      }\r\n    }\r\n  <\/style>\r\n\r\n  <main class=\"fgcs-wrap\">\r\n    <section class=\"fgcs-hero\" aria-label=\"Shop Coming Soon\">\r\n      <div class=\"fgcs-stage\">\r\n        <div class=\"fgcs-bg\" aria-hidden=\"true\"><\/div>\r\n        <div class=\"fgcs-bg-blur\" aria-hidden=\"true\"><\/div>\r\n        <div class=\"fgcs-vignette\" aria-hidden=\"true\"><\/div>\r\n        <div class=\"fgcs-sheen\" aria-hidden=\"true\"><\/div>\r\n        <div class=\"fgcs-grain\" aria-hidden=\"true\"><\/div>\r\n\r\n        <div class=\"fgcs-content\">\r\n          <div class=\"fgcs-topbar\">\r\n            <div class=\"fgcs-pill\" aria-label=\"Status\">Shop \u00b7 Coming Soon<\/div>\r\n          <\/div>\r\n\r\n          <div class=\"fgcs-main\">\r\n            <div class=\"fgcs-card\" role=\"group\" aria-label=\"Shop Hinweis\">\r\n              <h1 id=\"fg-shop-coming-soon-title\" class=\"fgcs-title\" data-no-widow>\r\n                Demn\u00e4chst gibt\u2019s hier Stoff f\u00fcr echte Fans.\r\n              <\/h1>\r\n\r\n              <p class=\"fgcs-claim\" data-no-widow>\r\n                <strong>Coming soon.<\/strong> Nerd-Merch, Fanartikel, kleine Lieblingsst\u00fccke\r\n                und ein paar Dinge, die man nicht braucht, aber sehr <span class=\"fgcs-nowrap\">gern haben will<\/span>.\r\n              <\/p>\r\n\r\n              <p class=\"fgcs-copy\">\r\n                Der Shop ist noch im Aufbau. Aber nicht dieses traurige \u201ebald online\u201c aus den fr\u00fchen 2000ern,\r\n                sondern ordentlich. Demn\u00e4chst gibt\u2019s hier ausgew\u00e4hlte Pieces mit Gallant-Vibe, klarer Haltung\r\n                und genug Charakter, damit es nicht nach Standard-Merch von der Stange aussieht.\r\n              <\/p>\r\n\r\n              <div class=\"fgcs-cta\" aria-label=\"Call to action\">\r\n                <a class=\"fgcs-btn primary\" href=\"https:\/\/floriangallant.de\/musik\">\r\n                  Bis dahin reinh\u00f6ren\r\n                  <svg class=\"fgcs-icon\" viewBox=\"0 0 24 24\" aria-hidden=\"true\">\r\n                    <path fill=\"currentColor\" d=\"M7 17a1 1 0 0 1 0-2h7.586l-9.293-9.293a1 1 0 1 1 1.414-1.414L16 13.586V6a1 1 0 1 1 2 0v10a1 1 0 0 1-1 1H7z\"\/>\r\n                  <\/svg>\r\n                <\/a>\r\n\r\n                <a class=\"fgcs-btn\" href=\"https:\/\/floriangallant.de\/date\">\r\n                  Dates ansehen\r\n                  <svg class=\"fgcs-icon\" viewBox=\"0 0 24 24\" aria-hidden=\"true\">\r\n                    <path fill=\"currentColor\" d=\"M7 2a1 1 0 0 1 1 1v1h8V3a1 1 0 1 1 2 0v1h1a3 3 0 0 1 3 3v10a3 3 0 0 1-3 3H5a3 3 0 0 1-3-3V7a3 3 0 0 1 3-3h1V3a1 1 0 0 1 1-1zm12 8H5v7a1 1 0 0 0 1 1h12a1 1 0 0 0 1-1v-7z\"\/>\r\n                  <\/svg>\r\n                <\/a>\r\n              <\/div>\r\n\r\n              <div class=\"fgcs-meta\" aria-label=\"Zusatzinfos\">\r\n                <span class=\"fgcs-tag\"><span class=\"mark\" aria-hidden=\"true\"><\/span> Merch \u00b7 Fanartikel \u00b7 bald live<\/span>\r\n\r\n                <div class=\"fgcs-foot\">\r\n                  <nav class=\"fgcs-legal\" aria-label=\"Rechtliches\">\r\n                    <a href=\"https:\/\/floriangallant.de\/impressum\">Impressum<\/a>\r\n                    <a href=\"https:\/\/floriangallant.de\/datenschutz\">Datenschutz<\/a>\r\n                  <\/nav>\r\n                  <span class=\"fgcs-status\">1000% im Aufbau<\/span>\r\n                <\/div>\r\n              <\/div>\r\n            <\/div>\r\n          <\/div>\r\n        <\/div>\r\n\r\n      <\/div>\r\n    <\/section>\r\n  <\/main>\r\n\r\n  <script>\r\n    (function(){\r\n      var els = document.querySelectorAll(\"#fg-shop-coming-soon [data-no-widow]\");\r\n      var apply = function(el){\r\n        var raw = (el.textContent || \"\").trim().replace(\/\\s+\/g, \" \");\r\n        if(raw.length < 18) return;\r\n        var parts = raw.split(\" \");\r\n        if(parts.length < 3) return;\r\n        parts[parts.length - 2] = parts[parts.length - 2] + \"\\u00A0\" + parts[parts.length - 1];\r\n        parts.pop();\r\n        el.textContent = parts.join(\" \");\r\n      };\r\n      els.forEach(apply);\r\n    })();\r\n  <\/script>\r\n<\/section>\t\t\t\t<\/div>\n\t\t\t\t<\/div>\n\t\t\t\t<\/div>\n\t\t","protected":false},"excerpt":{"rendered":"<p>Im Florian Gallant Shop findest du das Album Menschlich als CD und Download sowie ausgew\u00e4hlte Shirts, Hoodies, Tassen und exklusive Bundles. Musik und Merch f\u00fcr Fans mit Pers\u00f6nlichkeit.<\/p>\n","protected":false},"author":1,"featured_media":18,"parent":0,"menu_order":0,"comment_status":"closed","ping_status":"closed","template":"","meta":{"footnotes":""},"class_list":["post-12","page","type-page","status-publish","has-post-thumbnail","hentry"],"yoast_head":"<!-- This site is optimized with the Yoast SEO plugin v27.4 - https:\/\/yoast.com\/product\/yoast-seo-wordpress\/ -->\n<title>Florian Gallant Shop | Menschlich CD, Merch &amp; Fanartikel<\/title>\n<meta name=\"description\" content=\"Entdecke den Florian Gallant Shop mit Menschlich CD, Download, Shirts, Hoodies, Tassen und exklusiven Fanartikeln. Jetzt Musik und Merch online bestellen.\" \/>\n<meta name=\"robots\" content=\"index, follow, max-snippet:-1, max-image-preview:large, max-video-preview:-1\" \/>\n<link rel=\"canonical\" href=\"https:\/\/shop.floriangallant.de\/\" \/>\n<meta property=\"og:locale\" content=\"de_DE\" \/>\n<meta property=\"og:type\" content=\"article\" \/>\n<meta property=\"og:title\" content=\"Florian Gallant Shop | Menschlich CD, Merch &amp; Fanartikel\" \/>\n<meta property=\"og:description\" content=\"Entdecke den Florian Gallant Shop mit Menschlich CD, Download, Shirts, Hoodies, Tassen und exklusiven Fanartikeln. Jetzt Musik und Merch online bestellen.\" \/>\n<meta property=\"og:url\" content=\"https:\/\/shop.floriangallant.de\/\" \/>\n<meta property=\"og:site_name\" content=\"Fanartikel f\u00fcrs Herz\" \/>\n<meta property=\"article:modified_time\" content=\"2026-03-15T12:55:10+00:00\" \/>\n<meta property=\"og:image\" content=\"https:\/\/shop.floriangallant.de\/wp-content\/uploads\/2026\/03\/Flo_Release_171-1-scaled.jpg\" \/>\n\t<meta property=\"og:image:width\" content=\"2560\" \/>\n\t<meta property=\"og:image:height\" content=\"1707\" \/>\n\t<meta property=\"og:image:type\" content=\"image\/jpeg\" \/>\n<meta name=\"twitter:card\" content=\"summary_large_image\" \/>\n<meta name=\"twitter:label1\" content=\"Gesch\u00e4tzte Lesezeit\" \/>\n\t<meta name=\"twitter:data1\" content=\"1\u00a0Minute\" \/>\n<script type=\"application\/ld+json\" class=\"yoast-schema-graph\">{\"@context\":\"https:\\\/\\\/schema.org\",\"@graph\":[{\"@type\":\"WebPage\",\"@id\":\"https:\\\/\\\/shop.floriangallant.de\\\/\",\"url\":\"https:\\\/\\\/shop.floriangallant.de\\\/\",\"name\":\"Florian Gallant Shop | Menschlich CD, Merch & Fanartikel\",\"isPartOf\":{\"@id\":\"https:\\\/\\\/shop.floriangallant.de\\\/#website\"},\"primaryImageOfPage\":{\"@id\":\"https:\\\/\\\/shop.floriangallant.de\\\/#primaryimage\"},\"image\":{\"@id\":\"https:\\\/\\\/shop.floriangallant.de\\\/#primaryimage\"},\"thumbnailUrl\":\"https:\\\/\\\/shop.floriangallant.de\\\/wp-content\\\/uploads\\\/2026\\\/03\\\/Flo_Release_171-1-scaled.jpg\",\"datePublished\":\"2026-03-15T12:26:18+00:00\",\"dateModified\":\"2026-03-15T12:55:10+00:00\",\"description\":\"Entdecke den Florian Gallant Shop mit Menschlich CD, Download, Shirts, Hoodies, Tassen und exklusiven Fanartikeln. Jetzt Musik und Merch online bestellen.\",\"breadcrumb\":{\"@id\":\"https:\\\/\\\/shop.floriangallant.de\\\/#breadcrumb\"},\"inLanguage\":\"de\",\"potentialAction\":[{\"@type\":\"ReadAction\",\"target\":[\"https:\\\/\\\/shop.floriangallant.de\\\/\"]}]},{\"@type\":\"ImageObject\",\"inLanguage\":\"de\",\"@id\":\"https:\\\/\\\/shop.floriangallant.de\\\/#primaryimage\",\"url\":\"https:\\\/\\\/shop.floriangallant.de\\\/wp-content\\\/uploads\\\/2026\\\/03\\\/Flo_Release_171-1-scaled.jpg\",\"contentUrl\":\"https:\\\/\\\/shop.floriangallant.de\\\/wp-content\\\/uploads\\\/2026\\\/03\\\/Flo_Release_171-1-scaled.jpg\",\"width\":2560,\"height\":1707},{\"@type\":\"BreadcrumbList\",\"@id\":\"https:\\\/\\\/shop.floriangallant.de\\\/#breadcrumb\",\"itemListElement\":[{\"@type\":\"ListItem\",\"position\":1,\"name\":\"Start\",\"item\":\"https:\\\/\\\/shop.floriangallant.de\\\/\"},{\"@type\":\"ListItem\",\"position\":2,\"name\":\"Shop\"}]},{\"@type\":\"WebSite\",\"@id\":\"https:\\\/\\\/shop.floriangallant.de\\\/#website\",\"url\":\"https:\\\/\\\/shop.floriangallant.de\\\/\",\"name\":\"Fanartikel f\u00fcrs Herz\",\"description\":\"\",\"potentialAction\":[{\"@type\":\"SearchAction\",\"target\":{\"@type\":\"EntryPoint\",\"urlTemplate\":\"https:\\\/\\\/shop.floriangallant.de\\\/?s={search_term_string}\"},\"query-input\":{\"@type\":\"PropertyValueSpecification\",\"valueRequired\":true,\"valueName\":\"search_term_string\"}}],\"inLanguage\":\"de\"}]}<\/script>\n<!-- \/ Yoast SEO plugin. -->","yoast_head_json":{"title":"Florian Gallant Shop | Menschlich CD, Merch & Fanartikel","description":"Entdecke den Florian Gallant Shop mit Menschlich CD, Download, Shirts, Hoodies, Tassen und exklusiven Fanartikeln. Jetzt Musik und Merch online bestellen.","robots":{"index":"index","follow":"follow","max-snippet":"max-snippet:-1","max-image-preview":"max-image-preview:large","max-video-preview":"max-video-preview:-1"},"canonical":"https:\/\/shop.floriangallant.de\/","og_locale":"de_DE","og_type":"article","og_title":"Florian Gallant Shop | Menschlich CD, Merch & Fanartikel","og_description":"Entdecke den Florian Gallant Shop mit Menschlich CD, Download, Shirts, Hoodies, Tassen und exklusiven Fanartikeln. Jetzt Musik und Merch online bestellen.","og_url":"https:\/\/shop.floriangallant.de\/","og_site_name":"Fanartikel f\u00fcrs Herz","article_modified_time":"2026-03-15T12:55:10+00:00","og_image":[{"width":2560,"height":1707,"url":"https:\/\/shop.floriangallant.de\/wp-content\/uploads\/2026\/03\/Flo_Release_171-1-scaled.jpg","type":"image\/jpeg"}],"twitter_card":"summary_large_image","twitter_misc":{"Gesch\u00e4tzte Lesezeit":"1\u00a0Minute"},"schema":{"@context":"https:\/\/schema.org","@graph":[{"@type":"WebPage","@id":"https:\/\/shop.floriangallant.de\/","url":"https:\/\/shop.floriangallant.de\/","name":"Florian Gallant Shop | Menschlich CD, Merch & Fanartikel","isPartOf":{"@id":"https:\/\/shop.floriangallant.de\/#website"},"primaryImageOfPage":{"@id":"https:\/\/shop.floriangallant.de\/#primaryimage"},"image":{"@id":"https:\/\/shop.floriangallant.de\/#primaryimage"},"thumbnailUrl":"https:\/\/shop.floriangallant.de\/wp-content\/uploads\/2026\/03\/Flo_Release_171-1-scaled.jpg","datePublished":"2026-03-15T12:26:18+00:00","dateModified":"2026-03-15T12:55:10+00:00","description":"Entdecke den Florian Gallant Shop mit Menschlich CD, Download, Shirts, Hoodies, Tassen und exklusiven Fanartikeln. Jetzt Musik und Merch online bestellen.","breadcrumb":{"@id":"https:\/\/shop.floriangallant.de\/#breadcrumb"},"inLanguage":"de","potentialAction":[{"@type":"ReadAction","target":["https:\/\/shop.floriangallant.de\/"]}]},{"@type":"ImageObject","inLanguage":"de","@id":"https:\/\/shop.floriangallant.de\/#primaryimage","url":"https:\/\/shop.floriangallant.de\/wp-content\/uploads\/2026\/03\/Flo_Release_171-1-scaled.jpg","contentUrl":"https:\/\/shop.floriangallant.de\/wp-content\/uploads\/2026\/03\/Flo_Release_171-1-scaled.jpg","width":2560,"height":1707},{"@type":"BreadcrumbList","@id":"https:\/\/shop.floriangallant.de\/#breadcrumb","itemListElement":[{"@type":"ListItem","position":1,"name":"Start","item":"https:\/\/shop.floriangallant.de\/"},{"@type":"ListItem","position":2,"name":"Shop"}]},{"@type":"WebSite","@id":"https:\/\/shop.floriangallant.de\/#website","url":"https:\/\/shop.floriangallant.de\/","name":"Fanartikel f\u00fcrs Herz","description":"","potentialAction":[{"@type":"SearchAction","target":{"@type":"EntryPoint","urlTemplate":"https:\/\/shop.floriangallant.de\/?s={search_term_string}"},"query-input":{"@type":"PropertyValueSpecification","valueRequired":true,"valueName":"search_term_string"}}],"inLanguage":"de"}]}},"_links":{"self":[{"href":"https:\/\/shop.floriangallant.de\/index.php?rest_route=\/wp\/v2\/pages\/12","targetHints":{"allow":["GET"]}}],"collection":[{"href":"https:\/\/shop.floriangallant.de\/index.php?rest_route=\/wp\/v2\/pages"}],"about":[{"href":"https:\/\/shop.floriangallant.de\/index.php?rest_route=\/wp\/v2\/types\/page"}],"author":[{"embeddable":true,"href":"https:\/\/shop.floriangallant.de\/index.php?rest_route=\/wp\/v2\/users\/1"}],"replies":[{"embeddable":true,"href":"https:\/\/shop.floriangallant.de\/index.php?rest_route=%2Fwp%2Fv2%2Fcomments&post=12"}],"version-history":[{"count":20,"href":"https:\/\/shop.floriangallant.de\/index.php?rest_route=\/wp\/v2\/pages\/12\/revisions"}],"predecessor-version":[{"id":42,"href":"https:\/\/shop.floriangallant.de\/index.php?rest_route=\/wp\/v2\/pages\/12\/revisions\/42"}],"wp:featuredmedia":[{"embeddable":true,"href":"https:\/\/shop.floriangallant.de\/index.php?rest_route=\/wp\/v2\/media\/18"}],"wp:attachment":[{"href":"https:\/\/shop.floriangallant.de\/index.php?rest_route=%2Fwp%2Fv2%2Fmedia&parent=12"}],"curies":[{"name":"wp","href":"https:\/\/api.w.org\/{rel}","templated":true}]}}